{"id":8,"date":"2017-11-15T09:41:57","date_gmt":"2017-11-15T09:41:57","guid":{"rendered":"http:\/\/www.mvb-electricite.fr\/?page_id=8"},"modified":"2020-11-19T14:13:54","modified_gmt":"2020-11-19T13:13:54","slug":"contact","status":"publish","type":"page","link":"https:\/\/www.mvb-electricite.fr\/index.php\/contact\/","title":{"rendered":"CONTACT"},"content":{"rendered":"<div class=\"fusion-fullwidth fullwidth-box fusion-builder-row-1 fusion-parallax-none nonhundred-percent-fullwidth non-hundred-percent-height-scrolling\" style=\"background-color: #eeeeee;background-image: url(&quot;https:\/\/www.mvb-electricite.fr\/wp-content\/uploads\/2018\/02\/bg1.jpg&quot;);background-position: center center;background-repeat: no-repeat;padding-top:25px;padding-right:0px;padding-bottom:0px;padding-left:0px;margin-bottom: 0px;margin-top: 0px;border-width: 0px 0px 0px 0px;border-color:#eae9e9;border-style:solid;-webkit-background-size:cover;-moz-background-size:cover;-o-background-size:cover;background-size:cover;\" ><div class=\"fusion-builder-row fusion-row\"><div class=\"fusion-layout-column fusion_builder_column fusion-builder-column-0 fusion_builder_column_1_1 1_1 fusion-one-full fusion-column-first fusion-column-last fusion-animated\" style=\"margin-top:45px;margin-bottom:30px;\" data-animationType=\"zoomIn\" data-animationDuration=\"0.9\" data-animationOffset=\"100%\"><div class=\"fusion-column-wrapper fusion-flex-column-wrapper-legacy\" style=\"background-position:left top;background-repeat:no-repeat;-webkit-background-size:cover;-moz-background-size:cover;-o-background-size:cover;background-size:cover;padding: 0px 0px 0px 0px;\"><style type=\"text\/css\"><\/style><div class=\"fusion-title title fusion-title-1 fusion-sep-none fusion-title-center fusion-title-text fusion-title-size-two\" style=\"margin-top:15px;margin-bottom:15px;\"><h2 class=\"title-heading-center\" style=\"margin:0;\"><span style=\"color: #333645;\">DEMANDE DE DEVIS \/ PRISE DE CONTACT<\/span><\/h2><\/div><div class=\"fusion-sep-clear\"><\/div><div class=\"fusion-separator\" style=\"margin-left: auto;margin-right: auto;margin-top:16px;margin-bottom:36px;width:100%;max-width:24%;\"><div class=\"fusion-separator-border sep-single\" style=\"border-color:#5e6276;border-top-width:2px;\"><\/div><\/div><div class=\"fusion-sep-clear\"><\/div><div class=\"fusion-text fusion-text-1\"><p style=\"text-align: center;\" data-fontsize=\"16\" data-lineheight=\"24\">N\u2019h\u00e9sitez-pas \u00e0 nous t\u00e9l\u00e9phoner ou \u00e0 utiliser ce formulaire de contact pour toute demande de devis ou de rendez-vous.<br \/>\nNous vous recontacterons aussi rapidement que possible.<\/p>\n<\/div><style>.fusion-form-2077 .fusion-form-tooltip .fusion-form-tooltip-content{color:#ffffff !important;background-color:#333333 !important;border-color:#333333 !important;}.fusion-form-2077 input:not([type=\"submit\"]),.fusion-form-2077 select,.fusion-form-2077 textarea,.fusion-form-2077.fusion-form-form-wrapper .fusion-form-field .fusion-form-checkbox label:before,.fusion-form-2077.fusion-form-form-wrapper .fusion-form-field .fusion-form-radio label:before,.fusion-form-2077.fusion-form-form-wrapper .fusion-form-field .fusion-form-image-select label{border-color:#464849;}.fusion-form-2077.fusion-form-form-wrapper .fusion-form-field .fusion-form-rating-area .fusion-form-rating-icon{color:#464849;}.fusion-form-2077.fusion-form-form-wrapper .fusion-form-field input[type=range]::-webkit-slider-runnable-track{background:#464849;}.fusion-form-2077.fusion-form-form-wrapper .fusion-form-field input[type=range]::-moz-range-track{background:#464849;}<\/style><div class=\"fusion-form fusion-form-builder fusion-form-form-wrapper fusion-form-2077\" data-form-id=\"2077\"><form action=\"https:\/\/www.mvb-electricite.fr\/index.php\/contact\/\" method=\"post\" class=\"fusion-form fusion-form-2077\"><div class=\"fusion-fullwidth fullwidth-box fusion-builder-row-1-1 fusion-flex-container nonhundred-percent-fullwidth non-hundred-percent-height-scrolling\" style=\"background-color: rgba(255,255,255,0);background-position: center center;background-repeat: no-repeat;border-width: 0px 0px 0px 0px;border-color:#eae9e9;border-style:solid;\" ><div class=\"fusion-builder-row fusion-row fusion-flex-align-items-flex-start\" style=\"width:104% !important;max-width:104% !important;margin-left: calc(-4% \/ 2 );margin-right: calc(-4% \/ 2 );\"><div class=\"fusion-layout-column fusion_builder_column fusion-builder-column-1 fusion_builder_column_1_1 1_1 fusion-flex-column\"><div class=\"fusion-column-wrapper fusion-flex-justify-content-flex-start fusion-content-layout-column\" style=\"background-position:left top;background-repeat:no-repeat;-webkit-background-size:cover;-moz-background-size:cover;-o-background-size:cover;background-size:cover;padding: 0px 0px 0px 0px;\"><div class=\"fusion-form-field fusion-form-text-field fusion-form-label-above\" data-form-id=\"2077\"><div class=\"fusion-form-label-wrapper\"><label for=\"nom\">Nom <abbr class=\"fusion-form-element-required\" title=\"required\">*<\/abbr><\/label><\/div><div class=\"fusion-form-input-with-icon\"><i class=\"fa-address-book fas\"><\/i><input type=\"text\" tabindex=\"\" name=\"nom\" value=\"\"  class=\"fusion-form-input\" required=\"true\" aria-required=\"true\" data-holds-private-data=\"false\"\/><\/div><\/div><div class=\"fusion-form-field fusion-form-email-field fusion-form-label-above\" data-form-id=\"2077\"><div class=\"fusion-form-label-wrapper\"><label for=\"email\">E-mail <abbr class=\"fusion-form-element-required\" title=\"required\">*<\/abbr><\/label><\/div><div class=\"fusion-form-input-with-icon\"><i class=\"fa-at fas\"><\/i><input type=\"email\" tabindex=\"\" name=\"email\" value=\"\"  class=\"fusion-form-input\" required=\"true\" aria-required=\"true\" data-holds-private-data=\"false\"\/><\/div><\/div><div class=\"fusion-form-field fusion-form-phone-number-field fusion-form-label-above\" data-form-id=\"2077\"><div class=\"fusion-form-label-wrapper\"><label for=\"telephone\">T\u00e9l\u00e9phone <abbr class=\"fusion-form-element-required\" title=\"required\">*<\/abbr><\/label><\/div><div class=\"fusion-form-input-with-icon\"><i class=\"fa-phone-square-alt fas\"><\/i><input type=\"phone-number\" tabindex=\"\" name=\"telephone\" value=\"\"  class=\"fusion-form-input\" required=\"true\" aria-required=\"true\" data-holds-private-data=\"false\" pattern=\"[0-9()#&+*-=.]+\" title=\"Only numbers and phone characters are accepted.\"\/><\/div><\/div><div class=\"fusion-form-field fusion-form-textarea-field fusion-form-label-above\" data-form-id=\"2077\"><label for=\"demande\">Demande <abbr class=\"fusion-form-element-required\" title=\"required\">*<\/abbr><\/label><textarea cols=\"40\" rows=\"4\" tabindex=\"\" name=\"demande\" class=\"fusion-form-input\" required=\"true\" aria-required=\"true\" data-holds-private-data=\"false\"><\/textarea><\/div><div class=\"fusion-form-field fusion-form-submit-field fusion-form-label-above\" data-form-id=\"2077\"><input type=\"hidden\" value=\"contact@mvb-electricite.fr\" name=\"fusion_form_email\" \/><input type=\"hidden\" value=\"WordPress\" name=\"fusion_form_email_from\" \/><input type=\"hidden\" value=\"wordpress@mvb-electricite.fr\" name=\"fusion_form_email_from_id\" \/><input type=\"hidden\" value=\"Demande de contact\" name=\"fusion_form_email_subject\" \/><div ><style type=\"text\/css\">.fusion-button.button-1 {border-radius:2px;}<\/style><button type=\"submit\" class=\"fusion-button button-flat button-large button-default button-1 fusion-button-span-no  form-form-submit button-default\" data-form-number=\"2077\" tabindex=\"\"><span class=\"fusion-button-text\">Envoyer<\/span><\/button><\/div><\/div><\/div><\/div><style type=\"text\/css\">.fusion-body .fusion-builder-column-1{width:100% !important;margin-top : 15px;margin-bottom : 15px;}.fusion-builder-column-1 > .fusion-column-wrapper {padding-top : 0px !important;padding-right : 0px !important;margin-right : 1.92%;padding-bottom : 0px !important;padding-left : 0px !important;margin-left : 1.92%;}@media only screen and (max-width:1000px) {.fusion-body .fusion-builder-column-1{width:100% !important;order : 0;}.fusion-builder-column-1 > .fusion-column-wrapper {margin-right : 1.92%;margin-left : 1.92%;}}@media only screen and (max-width:640px) {.fusion-body .fusion-builder-column-1{width:100% !important;order : 0;}.fusion-builder-column-1 > .fusion-column-wrapper {margin-right : 1.92%;margin-left : 1.92%;}}<\/style><\/div><style type=\"text\/css\">.fusion-body .fusion-flex-container.fusion-builder-row-1-1{ padding-top : 0px;margin-top : 0px;padding-right : 0px;padding-bottom : 0px;margin-bottom : 0px;padding-left : 0px;}<\/style><\/div><input type=\"hidden\" name=\"fusion_privacy_store_ip_ua\" value=\"false\"><input type=\"hidden\" name=\"fusion_privacy_expiration_interval\" value=\"48\"><input type=\"hidden\" name=\"privacy_expiration_action\" value=\"anonymize\"><\/form><\/div><script>var formCreatorConfig_2077 = {\"form_id\":\"2077\",\"form_post_id\":\"2077\",\"post_id\":8,\"form_type\":\"database_email\",\"confirmation_type\":\"message\",\"redirect_url\":\"\",\"field_labels\":{\"nom\":\"Nom\",\"email\":\"E-mail\",\"telephone\":\"T\\u00e9l\\u00e9phone\",\"demande\":\"Demande\"}};<\/script><div class=\"fusion-clearfix\"><\/div><\/div><\/div><\/div><\/div>\n","protected":false},"excerpt":{"rendered":"","protected":false},"author":1,"featured_media":0,"parent":0,"menu_order":0,"comment_status":"closed","ping_status":"closed","template":"100-width.php","meta":[],"_links":{"self":[{"href":"https:\/\/www.mvb-electricite.fr\/index.php\/wp-json\/wp\/v2\/pages\/8"}],"collection":[{"href":"https:\/\/www.mvb-electricite.fr\/index.php\/wp-json\/wp\/v2\/pages"}],"about":[{"href":"https:\/\/www.mvb-electricite.fr\/index.php\/wp-json\/wp\/v2\/types\/page"}],"author":[{"embeddable":true,"href":"https:\/\/www.mvb-electricite.fr\/index.php\/wp-json\/wp\/v2\/users\/1"}],"replies":[{"embeddable":true,"href":"https:\/\/www.mvb-electricite.fr\/index.php\/wp-json\/wp\/v2\/comments?post=8"}],"version-history":[{"count":5,"href":"https:\/\/www.mvb-electricite.fr\/index.php\/wp-json\/wp\/v2\/pages\/8\/revisions"}],"predecessor-version":[{"id":2079,"href":"https:\/\/www.mvb-electricite.fr\/index.php\/wp-json\/wp\/v2\/pages\/8\/revisions\/2079"}],"wp:attachment":[{"href":"https:\/\/www.mvb-electricite.fr\/index.php\/wp-json\/wp\/v2\/media?parent=8"}],"curies":[{"name":"wp","href":"https:\/\/api.w.org\/{rel}","templated":true}]}}