{"id":16,"date":"2017-11-15T09:43:23","date_gmt":"2017-11-15T09:43:23","guid":{"rendered":"http:\/\/www.mvb-electricite.fr\/?page_id=16"},"modified":"2020-11-26T11:50:28","modified_gmt":"2020-11-26T10:50:28","slug":"domotique","status":"publish","type":"page","link":"https:\/\/www.mvb-electricite.fr\/index.php\/domotique\/","title":{"rendered":"DOMOTIQUE"},"content":{"rendered":"<p><div class=\"fusion-fullwidth fullwidth-box fusion-builder-row-1 fusion-flex-container fusion-parallax-none nonhundred-percent-fullwidth non-hundred-percent-height-scrolling\" style=\"background-color: #eeeeee;background-image: url(&quot;https:\/\/www.mvb-electricite.fr\/wp-content\/uploads\/2018\/02\/work-bg.jpg&quot;);background-position: center center;background-repeat: no-repeat;border-width: 0px 0px 0px 0px;border-color:#eae9e9;border-style:solid;-webkit-background-size:cover;-moz-background-size:cover;-o-background-size:cover;background-size:cover;\" ><div class=\"fusion-builder-row fusion-row fusion-flex-align-items-flex-start fusion-flex-justify-content-center\" style=\"max-width:calc( 1180px + 0px );margin-left: calc(-0px \/ 2 );margin-right: calc(-0px \/ 2 );\"><div class=\"fusion-layout-column fusion_builder_column fusion-builder-column-0 fusion_builder_column_1_1 1_1 fusion-flex-column fusion-animated\" data-animationType=\"zoomIn\" data-animationDuration=\"0.9\" data-animationOffset=\"100%\"><div class=\"fusion-column-wrapper fusion-flex-justify-content-flex-start fusion-content-layout-column\" style=\"background-position:left top;background-repeat:no-repeat;-webkit-background-size:cover;-moz-background-size:cover;-o-background-size:cover;background-size:cover;padding: 0px 0px 0px 0px;\"><style type=\"text\/css\">@media only screen and (max-width:1000px) {.fusion-title.fusion-title-1{margin-top:15px!important;margin-bottom:15px!important;}}<\/style><div class=\"fusion-title title fusion-title-1 fusion-sep-none fusion-title-center fusion-title-text fusion-title-size-one\" style=\"margin-top:15px;margin-bottom:15px;\"><h1 class=\"title-heading-center\" style=\"margin:0;\"><span style=\"color: #333645;\">DOMOTIQUE<\/span><\/h1><\/div><div class=\"fusion-separator\" style=\"align-self: center;margin-left: auto;margin-right: auto;margin-top:16px;margin-bottom:36px;width:100%;max-width:24%;\"><div class=\"fusion-separator-border sep-single\" style=\"border-color:#5e6276;border-top-width:2px;\"><\/div><\/div><div class=\"fusion-text fusion-text-1\"><p style=\"text-align: center;\">Vous souhaitez s\u00e9curiser votre habitat, votre local commercial mais aussi faire des \u00e9conomies d&rsquo;\u00e9nergie et vous simplifier la vie ?<br \/>\nN&rsquo;h\u00e9sitez pas \u00e0 nous contacter nous serons vous renseigner et vous proposer une installation sur mesure. Oubliez les pr\u00e9jug\u00e9s, la domotique peut s&rsquo;adapter \u00e0 tous les locaux et \u00e0 des petits prix !<\/p>\n<\/div><\/div><\/div><style type=\"text\/css\">.fusion-body .fusion-builder-column-0{width:100% !important;margin-top : 85px;margin-bottom : 60px;}.fusion-builder-column-0 > .fusion-column-wrapper {padding-top : 0px !important;padding-right : 0px !important;margin-right : 0px;padding-bottom : 0px !important;padding-left : 0px !important;margin-left : 0px;}@media only screen and (max-width:1000px) {.fusion-body .fusion-builder-column-0{width:100% !important;}.fusion-builder-column-0 > .fusion-column-wrapper {margin-right : 0px;margin-left : 0px;}}@media only screen and (max-width:640px) {.fusion-body .fusion-builder-column-0{width:100% !important;}.fusion-builder-column-0 > .fusion-column-wrapper {margin-right : 0px;margin-left : 0px;}}<\/style><div class=\"fusion-layout-column fusion_builder_column fusion-builder-column-1 fusion_builder_column_1_1 1_1 fusion-flex-column\"><div class=\"fusion-column-wrapper fusion-flex-justify-content-center fusion-content-layout-column\" style=\"background-position:left top;background-blend-mode: overlay;background-repeat:no-repeat;-webkit-background-size:cover;-moz-background-size:cover;-o-background-size:cover;background-size:cover;padding: 0px 0px 0px 0px;\"><div class=\"fusion-section-separator section-separator triangle fusion-section-separator-1\"><div class=\"fusion-section-separator-svg\" style=\"border-bottom:1px solid #292b37;\"><div class=\"divider-candy-arrow bottom\" style=\"top:0px;border-top-color: #e2e2e2;\"><\/div><div class=\"divider-candy bottom\" style=\"bottom:-21px;border-bottom:1px solid #292b37;border-left:1px solid #292b37;\"><\/div><\/div><div class=\"fusion-section-separator-spacer\"><div class=\"fusion-section-separator-spacer-height\" style=\"height:1px;\"><\/div><\/div><style type=\"text\/css\">.fusion-section-separator-1 .fusion-section-separator-svg {margin-left:0px;margin-right:0px;}@media only screen and (max-width:1000px) {.fusion-section-separator-1 .fusion-section-separator-svg {margin-left:0px;margin-right:0px;}}@media only screen and (max-width:640px) {.fusion-section-separator-1 .fusion-section-separator-svg {margin-left:0px;margin-right:0px;}}<\/style><\/div><\/div><\/div><style type=\"text\/css\">.fusion-body .fusion-builder-column-1{width:100% !important;margin-top : 0px;margin-bottom : 0px;}.fusion-builder-column-1 > .fusion-column-wrapper {padding-top : 0px !important;padding-right : 0px !important;margin-right : 0px;padding-bottom : 0px !important;padding-left : 0px !important;margin-left : 0px;}@media only screen and (max-width:1000px) {.fusion-body .fusion-builder-column-1{width:100% !important;}.fusion-builder-column-1 > .fusion-column-wrapper {margin-right : 0px;margin-left : 0px;}}@media only screen and (max-width:640px) {.fusion-body .fusion-builder-column-1{width:100% !important;}.fusion-builder-column-1 > .fusion-column-wrapper {margin-right : 0px;margin-left : 0px;}}<\/style><\/div><style type=\"text\/css\">.fusion-body .fusion-flex-container.fusion-builder-row-1{ padding-top : 45px;margin-top : 0px;padding-right : 0px;padding-bottom : 0px;margin-bottom : 0px;padding-left : 0px;}<\/style><\/div><div class=\"fusion-fullwidth fullwidth-box fusion-builder-row-2 fusion-flex-container nonhundred-percent-fullwidth non-hundred-percent-height-scrolling\" style=\"background-color: #292b37;background-position: center center;background-repeat: no-repeat;border-width: 0px 0px 0px 0px;border-color:#eae9e9;border-style:solid;\" ><div class=\"fusion-builder-row fusion-row fusion-flex-align-items-flex-start\" style=\"max-width:1227.2px;margin-left: calc(-4% \/ 2 );margin-right: calc(-4% \/ 2 );\"><div class=\"fusion-layout-column fusion_builder_column fusion-builder-column-2 fusion_builder_column_1_3 1_3 fusion-flex-column\"><div class=\"fusion-column-wrapper fusion-flex-justify-content-flex-start fusion-content-layout-column\" style=\"background-position:left top;background-repeat:no-repeat;-webkit-background-size:cover;-moz-background-size:cover;-o-background-size:cover;background-size:cover;padding: 0px 0px 0px 0px;\"><div class=\"fusion-person person fusion-person-center fusion-person-1 fusion-person-icon-top\"><div class=\"person-shortcode-image-wrapper\"><div class=\"person-image-container hover-type-zoomin\" style=\"border:0px solid #252833;-webkit-border-radius:0px;-moz-border-radius:0px;border-radius:0px;\"><img class=\"person-img img-responsive wp-image-2047\" width=\"933\" height=\"700\" src=\"https:\/\/www.mvb-electricite.fr\/wp-content\/uploads\/2020\/11\/Domotique.png\" alt=\"AUTOMATISMES ET DOMOTIQUE\" srcset=\"https:\/\/www.mvb-electricite.fr\/wp-content\/uploads\/2020\/11\/Domotique-200x150.png 200w, https:\/\/www.mvb-electricite.fr\/wp-content\/uploads\/2020\/11\/Domotique-400x300.png 400w, https:\/\/www.mvb-electricite.fr\/wp-content\/uploads\/2020\/11\/Domotique-600x450.png 600w, https:\/\/www.mvb-electricite.fr\/wp-content\/uploads\/2020\/11\/Domotique-800x600.png 800w, https:\/\/www.mvb-electricite.fr\/wp-content\/uploads\/2020\/11\/Domotique.png 933w\" sizes=\"(max-width: 1000px) 100vw, (max-width: 640px) 100vw, 400px\" \/><\/div><\/div><div class=\"person-desc\" style=\"background-color:#2a2d3a;padding:40px;margin-top:0;\"><div class=\"person-author\"><div class=\"person-author-wrapper\"><span class=\"person-name\">AUTOMATISMES ET DOMOTIQUE<\/span><span class=\"person-title\"><br \/>Un projet d\u2019automatisme ou de domotique ?<br \/>Votre \u00e9lectricien domoticien vous conseille avant tout projet afin de mettre en place des solutions domotique personnalis\u00e9es et adapt\u00e9es \u00e0 vos besoins et \u00e0 vos habitudes.<br \/>Nous r\u00e9alisons vos r\u00eaves de \u00ab maison connect\u00e9e \u00bb ou de \u00ab locaux professionnels connect\u00e9s \u00bb et notamment : Solutions domotique pour am\u00e9liorer la s\u00e9curit\u00e9, le confort, et effectuer des \u00e9conomies d\u2019\u00e9nergie. Pilotage centralis\u00e9 des automatismes de l\u2019habitat ou du lieu de travail tel que : l\u2019\u00e9clairage, le chauffage, les ouvrants (portails, portes de garage, stores) avec cr\u00e9ation de sc\u00e9narios personnalis\u00e9s adapt\u00e9s \u00e0 vos rythmes de vies et d\u2019utilisation.<\/span><\/div><\/div><div class=\"person-content fusion-clearfix\"><\/div><\/div><\/div><\/div><\/div><style type=\"text\/css\">.fusion-body .fusion-builder-column-2{width:33.333333333333% !important;margin-top : 15px;margin-bottom : 15px;}.fusion-builder-column-2 > .fusion-column-wrapper {padding-top : 0px !important;padding-right : 0px !important;margin-right : 5.76%;padding-bottom : 0px !important;padding-left : 0px !important;margin-left : 5.76%;}@media only screen and (max-width:1000px) {.fusion-body .fusion-builder-column-2{width:100% !important;}.fusion-builder-column-2 > .fusion-column-wrapper {margin-right : 1.92%;margin-left : 1.92%;}}@media only screen and (max-width:640px) {.fusion-body .fusion-builder-column-2{width:100% !important;}.fusion-builder-column-2 > .fusion-column-wrapper {margin-right : 1.92%;margin-left : 1.92%;}}<\/style><div class=\"fusion-layout-column fusion_builder_column fusion-builder-column-3 fusion_builder_column_1_3 1_3 fusion-flex-column\"><div class=\"fusion-column-wrapper fusion-flex-justify-content-flex-start fusion-content-layout-column\" style=\"background-position:left top;background-repeat:no-repeat;-webkit-background-size:cover;-moz-background-size:cover;-o-background-size:cover;background-size:cover;padding: 0px 0px 0px 0px;\"><div class=\"fusion-person person fusion-person-center fusion-person-2 fusion-person-icon-top\"><div class=\"person-shortcode-image-wrapper\"><div class=\"person-image-container hover-type-zoomin\" style=\"border:0px solid #252833;-webkit-border-radius:0px;-moz-border-radius:0px;border-radius:0px;\"><img class=\"person-img img-responsive wp-image-2094\" width=\"933\" height=\"700\" src=\"https:\/\/www.mvb-electricite.fr\/wp-content\/uploads\/2020\/11\/Videosurveillance.png\" alt=\"ALARME ET VIDEOSURVEILLANCE\" srcset=\"https:\/\/www.mvb-electricite.fr\/wp-content\/uploads\/2020\/11\/Videosurveillance-200x150.png 200w, https:\/\/www.mvb-electricite.fr\/wp-content\/uploads\/2020\/11\/Videosurveillance-400x300.png 400w, https:\/\/www.mvb-electricite.fr\/wp-content\/uploads\/2020\/11\/Videosurveillance-600x450.png 600w, https:\/\/www.mvb-electricite.fr\/wp-content\/uploads\/2020\/11\/Videosurveillance-800x600.png 800w, https:\/\/www.mvb-electricite.fr\/wp-content\/uploads\/2020\/11\/Videosurveillance.png 933w\" sizes=\"(max-width: 1000px) 100vw, (max-width: 640px) 100vw, 400px\" \/><\/div><\/div><div class=\"person-desc\" style=\"background-color:#2a2d3a;padding:40px;margin-top:0;\"><div class=\"person-author\"><div class=\"person-author-wrapper\"><span class=\"person-name\">ALARME ET VIDEOSURVEILLANCE<\/span><span class=\"person-title\"><br \/>Nous installons pour l\u2019habitat et les services g\u00e9n\u00e9raux : Vos alarmes avec contr\u00f4le \u00e0 distance depuis smartphone et tablettes. Vos syst\u00e8mes de vid\u00e9osurveillance. Vos syst\u00e8mes de s\u00e9curit\u00e9 domotique.<\/span><\/div><\/div><div class=\"person-content fusion-clearfix\"><\/div><\/div><\/div><\/div><\/div><style type=\"text\/css\">.fusion-body .fusion-builder-column-3{width:33.333333333333% !important;margin-top : 15px;margin-bottom : 15px;}.fusion-builder-column-3 > .fusion-column-wrapper {padding-top : 0px !important;padding-right : 0px !important;margin-right : 5.76%;padding-bottom : 0px !important;padding-left : 0px !important;margin-left : 5.76%;}@media only screen and (max-width:1000px) {.fusion-body .fusion-builder-column-3{width:100% !important;}.fusion-builder-column-3 > .fusion-column-wrapper {margin-right : 1.92%;margin-left : 1.92%;}}@media only screen and (max-width:640px) {.fusion-body .fusion-builder-column-3{width:100% !important;}.fusion-builder-column-3 > .fusion-column-wrapper {margin-right : 1.92%;margin-left : 1.92%;}}<\/style><div class=\"fusion-layout-column fusion_builder_column fusion-builder-column-4 fusion_builder_column_1_3 1_3 fusion-flex-column\"><div class=\"fusion-column-wrapper fusion-flex-justify-content-flex-start fusion-content-layout-column\" style=\"background-position:left top;background-repeat:no-repeat;-webkit-background-size:cover;-moz-background-size:cover;-o-background-size:cover;background-size:cover;padding: 0px 0px 0px 0px;\"><div class=\"fusion-person person fusion-person-center fusion-person-3 fusion-person-icon-top\"><div class=\"person-shortcode-image-wrapper\"><div class=\"person-image-container hover-type-zoomin\" style=\"border:0px solid #252833;-webkit-border-radius:0px;-moz-border-radius:0px;border-radius:0px;\"><img class=\"person-img img-responsive wp-image-2049\" width=\"933\" height=\"700\" src=\"https:\/\/www.mvb-electricite.fr\/wp-content\/uploads\/2020\/11\/Mise-aux-normes-electriques.png\" alt=\"INSTALLATION \u00c9LECTRIQUE, MISE AUX NORMES \u00c9LECTRIQUES, TOUS TRAVAUX D\u2019\u00c9LECTRICIT\u00c9\" srcset=\"https:\/\/www.mvb-electricite.fr\/wp-content\/uploads\/2020\/11\/Mise-aux-normes-electriques-200x150.png 200w, https:\/\/www.mvb-electricite.fr\/wp-content\/uploads\/2020\/11\/Mise-aux-normes-electriques-400x300.png 400w, https:\/\/www.mvb-electricite.fr\/wp-content\/uploads\/2020\/11\/Mise-aux-normes-electriques-600x450.png 600w, https:\/\/www.mvb-electricite.fr\/wp-content\/uploads\/2020\/11\/Mise-aux-normes-electriques-800x600.png 800w, https:\/\/www.mvb-electricite.fr\/wp-content\/uploads\/2020\/11\/Mise-aux-normes-electriques.png 933w\" sizes=\"(max-width: 1000px) 100vw, (max-width: 640px) 100vw, 400px\" \/><\/div><\/div><div class=\"person-desc\" style=\"background-color:#2a2d3a;padding:40px;margin-top:0;\"><div class=\"person-author\"><div class=\"person-author-wrapper\"><span class=\"person-name\">INSTALLATION \u00c9LECTRIQUE, MISE AUX NORMES \u00c9LECTRIQUES, TOUS TRAVAUX D\u2019\u00c9LECTRICIT\u00c9<\/span><span class=\"person-title\"><br \/>\nMVB \u00c9lectricit\u00e9 et Domotique est une entreprise d\u2019\u00e9lectricit\u00e9 g\u00e9n\u00e9rale certifi\u00e9e et labellis\u00e9e dot\u00e9e d\u2019une double sp\u00e9cialit\u00e9 en domotique et \u00e9lectricit\u00e9 qui intervient pour l\u2019habitat et pour les locaux professionnels ERT et ERP.<br \/>\nNous r\u00e9alisons aussi vos installations \u00e9lectriques compl\u00e8tes, vos mises aux normes \u00e9lectriques et tous travaux d\u2019\u00e9lectricit\u00e9 g\u00e9n\u00e9rale (\u00e9clairage, chauffages \u00e9lectriques, baies de brassage etc.).<\/span><\/div><\/div><div class=\"person-content fusion-clearfix\"><\/div><\/div><\/div><\/div><\/div><style type=\"text\/css\">.fusion-body .fusion-builder-column-4{width:33.333333333333% !important;margin-top : 15px;margin-bottom : 15px;}.fusion-builder-column-4 > .fusion-column-wrapper {padding-top : 0px !important;padding-right : 0px !important;margin-right : 5.76%;padding-bottom : 0px !important;padding-left : 0px !important;margin-left : 5.76%;}@media only screen and (max-width:1000px) {.fusion-body .fusion-builder-column-4{width:100% !important;}.fusion-builder-column-4 > .fusion-column-wrapper {margin-right : 1.92%;margin-left : 1.92%;}}@media only screen and (max-width:640px) {.fusion-body .fusion-builder-column-4{width:100% !important;}.fusion-builder-column-4 > .fusion-column-wrapper {margin-right : 1.92%;margin-left : 1.92%;}}<\/style><\/div><style type=\"text\/css\">.fusion-body .fusion-flex-container.fusion-builder-row-2{ padding-top : 40px;margin-top : 0px;padding-right : 0px;padding-bottom : 70px;margin-bottom : 0px;padding-left : 0px;}<\/style><\/div>\n<\/p>\n","protected":false},"excerpt":{"rendered":"","protected":false},"author":1,"featured_media":0,"parent":0,"menu_order":0,"comment_status":"closed","ping_status":"closed","template":"100-width.php","meta":[],"_links":{"self":[{"href":"https:\/\/www.mvb-electricite.fr\/index.php\/wp-json\/wp\/v2\/pages\/16"}],"collection":[{"href":"https:\/\/www.mvb-electricite.fr\/index.php\/wp-json\/wp\/v2\/pages"}],"about":[{"href":"https:\/\/www.mvb-electricite.fr\/index.php\/wp-json\/wp\/v2\/types\/page"}],"author":[{"embeddable":true,"href":"https:\/\/www.mvb-electricite.fr\/index.php\/wp-json\/wp\/v2\/users\/1"}],"replies":[{"embeddable":true,"href":"https:\/\/www.mvb-electricite.fr\/index.php\/wp-json\/wp\/v2\/comments?post=16"}],"version-history":[{"count":10,"href":"https:\/\/www.mvb-electricite.fr\/index.php\/wp-json\/wp\/v2\/pages\/16\/revisions"}],"predecessor-version":[{"id":2127,"href":"https:\/\/www.mvb-electricite.fr\/index.php\/wp-json\/wp\/v2\/pages\/16\/revisions\/2127"}],"wp:attachment":[{"href":"https:\/\/www.mvb-electricite.fr\/index.php\/wp-json\/wp\/v2\/media?parent=16"}],"curies":[{"name":"wp","href":"https:\/\/api.w.org\/{rel}","templated":true}]}}