{"id":10,"date":"2017-11-15T09:42:27","date_gmt":"2017-11-15T09:42:27","guid":{"rendered":"http:\/\/www.mvb-electricite.fr\/?page_id=10"},"modified":"2020-12-08T10:10:56","modified_gmt":"2020-12-08T09:10:56","slug":"electricite","status":"publish","type":"page","link":"https:\/\/www.mvb-electricite.fr\/index.php\/electricite\/","title":{"rendered":"\u00c9LECTRICIT\u00c9"},"content":{"rendered":"<p><div class=\"fusion-fullwidth fullwidth-box fusion-builder-row-1 fusion-flex-container fusion-parallax-none nonhundred-percent-fullwidth non-hundred-percent-height-scrolling\" style=\"background-color: #eeeeee;background-image: url(&quot;http:\/\/www.mvb-electricite.fr\/wp-content\/uploads\/2018\/02\/bg1.jpg&quot;);background-position: center center;background-repeat: no-repeat;border-width: 0px 0px 0px 0px;border-color:#eae9e9;border-style:solid;-webkit-background-size:cover;-moz-background-size:cover;-o-background-size:cover;background-size:cover;\" ><div class=\"fusion-builder-row fusion-row fusion-flex-align-items-flex-start fusion-flex-justify-content-center\" style=\"max-width:calc( 1180px + 0px );margin-left: calc(-0px \/ 2 );margin-right: calc(-0px \/ 2 );\"><div class=\"fusion-layout-column fusion_builder_column fusion-builder-column-0 fusion_builder_column_1_1 1_1 fusion-flex-column fusion-animated\" data-animationType=\"zoomIn\" data-animationDuration=\"0.9\" data-animationOffset=\"100%\"><div class=\"fusion-column-wrapper fusion-flex-justify-content-flex-start fusion-content-layout-column\" style=\"background-position:left top;background-repeat:no-repeat;-webkit-background-size:cover;-moz-background-size:cover;-o-background-size:cover;background-size:cover;padding: 0px 0px 0px 0px;\"><style type=\"text\/css\">@media only screen and (max-width:1000px) {.fusion-title.fusion-title-1{margin-top:15px!important;margin-bottom:15px!important;}}<\/style><div class=\"fusion-title title fusion-title-1 fusion-sep-none fusion-title-center fusion-title-text fusion-title-size-one\" style=\"margin-top:15px;margin-bottom:15px;\"><h1 class=\"title-heading-center\" style=\"margin:0;\"><span style=\"color: #333645;\">\u00c9LECTRICIT\u00c9 G\u00c9N\u00c9RALE ET TERTIAIRE<\/span><\/h1><\/div><div class=\"fusion-separator\" style=\"align-self: center;margin-left: auto;margin-right: auto;margin-top:16px;margin-bottom:36px;width:100%;max-width:24%;\"><div class=\"fusion-separator-border sep-single\" style=\"border-color:#5e6276;border-top-width:2px;\"><\/div><\/div><div class=\"fusion-text fusion-text-1\"><p style=\"text-align: center;\">Votre \u00e9lectricien intervient \u00e0 Rennes et en r\u00e9gion Rennaise en maison, appartements, immeubles et locaux professionnels, en r\u00e9novation comme en construction. Que vous ayez besoin d\u2019une installation \u00e9lectrique compl\u00e8te, d\u2019une mise aux normes, d\u2019une installation d\u2019alarme, d\u2019un syst\u00e8me de vid\u00e9osurveillance, de contr\u00f4ler vos acc\u00e8s avec digicode, interphone ou visiophone, ou encore de chauffage \u00e9lectrique, d\u2019optimisation de votre \u00e9clairage, notre \u00e9lectricien est \u00e0 votre \u00e9coute et saura vous conseiller au mieux avant toute installation.<\/p>\n<p style=\"text-align: center;\">Vous \u00eates un professionnel et vous avez des besoins en \u00e9lectricit\u00e9 ?<br \/>Nous sommes l\u00e0 pour vous aider !<br \/>Vous aurez un installation \u00e9lectricit\u00e9 tertiaire adapt\u00e9e \u00e0 une activit\u00e9 avec du mat\u00e9riel connu et reconnu tout en respectant les normes de s\u00e9curit\u00e9 en vigueur.<\/p>\n<\/div><\/div><\/div><style type=\"text\/css\">.fusion-body .fusion-builder-column-0{width:100% !important;margin-top : 85px;margin-bottom : 60px;}.fusion-builder-column-0 > .fusion-column-wrapper {padding-top : 0px !important;padding-right : 0px !important;margin-right : 0px;padding-bottom : 0px !important;padding-left : 0px !important;margin-left : 0px;}@media only screen and (max-width:1000px) {.fusion-body .fusion-builder-column-0{width:100% !important;}.fusion-builder-column-0 > .fusion-column-wrapper {margin-right : 0px;margin-left : 0px;}}@media only screen and (max-width:640px) {.fusion-body .fusion-builder-column-0{width:100% !important;}.fusion-builder-column-0 > .fusion-column-wrapper {margin-right : 0px;margin-left : 0px;}}<\/style><div class=\"fusion-layout-column fusion_builder_column fusion-builder-column-1 fusion_builder_column_1_1 1_1 fusion-flex-column\"><div class=\"fusion-column-wrapper fusion-flex-justify-content-center fusion-content-layout-column\" style=\"background-position:left top;background-blend-mode: overlay;background-repeat:no-repeat;-webkit-background-size:cover;-moz-background-size:cover;-o-background-size:cover;background-size:cover;padding: 0px 0px 0px 0px;\"><div class=\"fusion-section-separator section-separator triangle fusion-section-separator-1\"><div class=\"fusion-section-separator-svg\" style=\"border-bottom:1px solid #292b37;\"><div class=\"divider-candy-arrow bottom\" style=\"top:0px;border-top-color: #ffffff;\"><\/div><div class=\"divider-candy bottom\" style=\"bottom:-21px;border-bottom:1px solid #292b37;border-left:1px solid #292b37;\"><\/div><\/div><div class=\"fusion-section-separator-spacer\"><div class=\"fusion-section-separator-spacer-height\" style=\"height:1px;\"><\/div><\/div><style type=\"text\/css\">.fusion-section-separator-1 .fusion-section-separator-svg {margin-left:0px;margin-right:0px;}@media only screen and (max-width:1000px) {.fusion-section-separator-1 .fusion-section-separator-svg {margin-left:0px;margin-right:0px;}}@media only screen and (max-width:640px) {.fusion-section-separator-1 .fusion-section-separator-svg {margin-left:0px;margin-right:0px;}}<\/style><\/div><\/div><\/div><style type=\"text\/css\">.fusion-body .fusion-builder-column-1{width:100% !important;margin-top : 0px;margin-bottom : 0px;}.fusion-builder-column-1 > .fusion-column-wrapper {padding-top : 0px !important;padding-right : 0px !important;margin-right : 0px;padding-bottom : 0px !important;padding-left : 0px !important;margin-left : 0px;}@media only screen and (max-width:1000px) {.fusion-body .fusion-builder-column-1{width:100% !important;}.fusion-builder-column-1 > .fusion-column-wrapper {margin-right : 0px;margin-left : 0px;}}@media only screen and (max-width:640px) {.fusion-body .fusion-builder-column-1{width:100% !important;}.fusion-builder-column-1 > .fusion-column-wrapper {margin-right : 0px;margin-left : 0px;}}<\/style><\/div><style type=\"text\/css\">.fusion-body .fusion-flex-container.fusion-builder-row-1{ padding-top : 45px;margin-top : 0px;padding-right : 0px;padding-bottom : 0px;margin-bottom : 0px;padding-left : 0px;}<\/style><\/div><div class=\"fusion-fullwidth fullwidth-box fusion-builder-row-2 fusion-flex-container nonhundred-percent-fullwidth non-hundred-percent-height-scrolling\" style=\"background-color: #292b37;background-position: center center;background-repeat: no-repeat;border-width: 0px 0px 0px 0px;border-color:#eae9e9;border-style:solid;\" ><div class=\"fusion-builder-row fusion-row fusion-flex-align-items-flex-start\" style=\"max-width:1227.2px;margin-left: calc(-4% \/ 2 );margin-right: calc(-4% \/ 2 );\"><div class=\"fusion-layout-column fusion_builder_column fusion-builder-column-2 fusion_builder_column_1_3 1_3 fusion-flex-column\"><div class=\"fusion-column-wrapper fusion-flex-justify-content-flex-start fusion-content-layout-column\" style=\"background-position:left top;background-repeat:no-repeat;-webkit-background-size:cover;-moz-background-size:cover;-o-background-size:cover;background-size:cover;padding: 0px 0px 0px 0px;\"><div class=\"fusion-person person fusion-person-center fusion-person-1 fusion-person-icon-top\"><div class=\"person-shortcode-image-wrapper\"><div class=\"person-image-container hover-type-zoomin\" style=\"border:0px solid #252833;-webkit-border-radius:0px;-moz-border-radius:0px;border-radius:0px;\"><img class=\"person-img img-responsive wp-image-2048\" width=\"933\" height=\"700\" src=\"https:\/\/www.mvb-electricite.fr\/wp-content\/uploads\/2020\/11\/Installation-electrique-complete.png\" alt=\"INSTALLATION \u00c9LECTRIQUE COMPL\u00c8TE\" srcset=\"https:\/\/www.mvb-electricite.fr\/wp-content\/uploads\/2020\/11\/Installation-electrique-complete-200x150.png 200w, https:\/\/www.mvb-electricite.fr\/wp-content\/uploads\/2020\/11\/Installation-electrique-complete-400x300.png 400w, https:\/\/www.mvb-electricite.fr\/wp-content\/uploads\/2020\/11\/Installation-electrique-complete-600x450.png 600w, https:\/\/www.mvb-electricite.fr\/wp-content\/uploads\/2020\/11\/Installation-electrique-complete-800x600.png 800w, https:\/\/www.mvb-electricite.fr\/wp-content\/uploads\/2020\/11\/Installation-electrique-complete.png 933w\" sizes=\"(max-width: 1000px) 100vw, (max-width: 640px) 100vw, 400px\" \/><\/div><\/div><div class=\"person-desc\" style=\"background-color:#2a2d3a;padding:40px;margin-top:0;\"><div class=\"person-author\"><div class=\"person-author-wrapper\"><span class=\"person-name\">INSTALLATION \u00c9LECTRIQUE COMPL\u00c8TE<\/span><span class=\"person-title\"><br \/>\nQue vous soyez en maisons, appartements, locaux professionnels tertiaires ERT et ERP et services g\u00e9n\u00e9raux, nos \u00e9lectriciens proc\u00e8dent \u00e0 toutes vos installations \u00e9lectriques dans le cadre de r\u00e9novations, de mises aux normes \u00e9lectriques ou de constructions neuves.<\/span><\/div><\/div><div class=\"person-content fusion-clearfix\"><\/div><\/div><\/div><\/div><\/div><style type=\"text\/css\">.fusion-body .fusion-builder-column-2{width:33.333333333333% !important;margin-top : 15px;margin-bottom : 15px;}.fusion-builder-column-2 > .fusion-column-wrapper {padding-top : 0px !important;padding-right : 0px !important;margin-right : 5.76%;padding-bottom : 0px !important;padding-left : 0px !important;margin-left : 5.76%;}@media only screen and (max-width:1000px) {.fusion-body .fusion-builder-column-2{width:100% !important;}.fusion-builder-column-2 > .fusion-column-wrapper {margin-right : 1.92%;margin-left : 1.92%;}}@media only screen and (max-width:640px) {.fusion-body .fusion-builder-column-2{width:100% !important;}.fusion-builder-column-2 > .fusion-column-wrapper {margin-right : 1.92%;margin-left : 1.92%;}}<\/style><div class=\"fusion-layout-column fusion_builder_column fusion-builder-column-3 fusion_builder_column_1_3 1_3 fusion-flex-column\"><div class=\"fusion-column-wrapper fusion-flex-justify-content-flex-start fusion-content-layout-column\" style=\"background-position:left top;background-repeat:no-repeat;-webkit-background-size:cover;-moz-background-size:cover;-o-background-size:cover;background-size:cover;padding: 0px 0px 0px 0px;\"><div class=\"fusion-person person fusion-person-center fusion-person-2 fusion-person-icon-top\"><div class=\"person-shortcode-image-wrapper\"><div class=\"person-image-container hover-type-zoomin\" style=\"border:0px solid #252833;-webkit-border-radius:0px;-moz-border-radius:0px;border-radius:0px;\"><img class=\"person-img img-responsive wp-image-2049\" width=\"933\" height=\"700\" src=\"https:\/\/www.mvb-electricite.fr\/wp-content\/uploads\/2020\/11\/Mise-aux-normes-electriques.png\" alt=\"MISE AUX NORMES \u00c9LECTRIQUES\" srcset=\"https:\/\/www.mvb-electricite.fr\/wp-content\/uploads\/2020\/11\/Mise-aux-normes-electriques-200x150.png 200w, https:\/\/www.mvb-electricite.fr\/wp-content\/uploads\/2020\/11\/Mise-aux-normes-electriques-400x300.png 400w, https:\/\/www.mvb-electricite.fr\/wp-content\/uploads\/2020\/11\/Mise-aux-normes-electriques-600x450.png 600w, https:\/\/www.mvb-electricite.fr\/wp-content\/uploads\/2020\/11\/Mise-aux-normes-electriques-800x600.png 800w, https:\/\/www.mvb-electricite.fr\/wp-content\/uploads\/2020\/11\/Mise-aux-normes-electriques.png 933w\" sizes=\"(max-width: 1000px) 100vw, (max-width: 640px) 100vw, 400px\" \/><\/div><\/div><div class=\"person-desc\" style=\"background-color:#2a2d3a;padding:40px;margin-top:0;\"><div class=\"person-author\"><div class=\"person-author-wrapper\"><span class=\"person-name\">MISE AUX NORMES \u00c9LECTRIQUES<\/span><span class=\"person-title\"><br \/>\nVotre installation \u00e9lectrique n\u2019est plus aux normes ? Nos \u00e9lectriciens effectuent un diagnostic puis proc\u00e8dent aux travaux de r\u00e9novation et de mises aux normes de toutes installations \u00e9lectriques v\u00e9tustes, en maisons, appartements, locaux tertiaires ERT et ERP, services g\u00e9n\u00e9raux ainsi que des colonnes montantes d\u2019immeubles.<\/span><\/div><\/div><div class=\"person-content fusion-clearfix\"><\/div><\/div><\/div><\/div><\/div><style type=\"text\/css\">.fusion-body .fusion-builder-column-3{width:33.333333333333% !important;margin-top : 15px;margin-bottom : 15px;}.fusion-builder-column-3 > .fusion-column-wrapper {padding-top : 0px !important;padding-right : 0px !important;margin-right : 5.76%;padding-bottom : 0px !important;padding-left : 0px !important;margin-left : 5.76%;}@media only screen and (max-width:1000px) {.fusion-body .fusion-builder-column-3{width:100% !important;}.fusion-builder-column-3 > .fusion-column-wrapper {margin-right : 1.92%;margin-left : 1.92%;}}@media only screen and (max-width:640px) {.fusion-body .fusion-builder-column-3{width:100% !important;}.fusion-builder-column-3 > .fusion-column-wrapper {margin-right : 1.92%;margin-left : 1.92%;}}<\/style><div class=\"fusion-layout-column fusion_builder_column fusion-builder-column-4 fusion_builder_column_1_3 1_3 fusion-flex-column\"><div class=\"fusion-column-wrapper fusion-flex-justify-content-flex-start fusion-content-layout-column\" style=\"background-position:left top;background-repeat:no-repeat;-webkit-background-size:cover;-moz-background-size:cover;-o-background-size:cover;background-size:cover;padding: 0px 0px 0px 0px;\"><div class=\"fusion-person person fusion-person-center fusion-person-3 fusion-person-icon-top\"><div class=\"person-shortcode-image-wrapper\"><div class=\"person-image-container hover-type-zoomin\" style=\"border:0px solid #252833;-webkit-border-radius:0px;-moz-border-radius:0px;border-radius:0px;\"><img class=\"person-img img-responsive wp-image-2006\" width=\"933\" height=\"700\" src=\"https:\/\/www.mvb-electricite.fr\/wp-content\/uploads\/2017\/11\/IMG_2694-3.jpg\" alt=\"LUMINAIRE ET \u00c9CLAIRAGE\" srcset=\"https:\/\/www.mvb-electricite.fr\/wp-content\/uploads\/2017\/11\/IMG_2694-3-200x150.jpg 200w, https:\/\/www.mvb-electricite.fr\/wp-content\/uploads\/2017\/11\/IMG_2694-3-400x300.jpg 400w, https:\/\/www.mvb-electricite.fr\/wp-content\/uploads\/2017\/11\/IMG_2694-3-600x450.jpg 600w, https:\/\/www.mvb-electricite.fr\/wp-content\/uploads\/2017\/11\/IMG_2694-3-800x600.jpg 800w, https:\/\/www.mvb-electricite.fr\/wp-content\/uploads\/2017\/11\/IMG_2694-3.jpg 933w\" sizes=\"(max-width: 1000px) 100vw, (max-width: 640px) 100vw, 400px\" \/><\/div><\/div><div class=\"person-desc\" style=\"background-color:#2a2d3a;padding:40px;margin-top:0;\"><div class=\"person-author\"><div class=\"person-author-wrapper\"><span class=\"person-name\">LUMINAIRE ET \u00c9CLAIRAGE<\/span><span class=\"person-title\"><br \/>\nVous souhaitez am\u00e9liorer votre \u00e9clairage tout en diminuant votre consommation \u00e9lectrique ? Vous souhaitez remplacer vos sources d\u2019\u00e9clairage \u00e9nergivores par des LED plus modernes et plus design ? Sp\u00e9cialiste du relamping en maison, appartements, et locaux professionnels ERT et ERP, votre \u00e9lectricien vous conseillera avant tout installation afin d\u2019optimiser au mieux votre \u00e9clairage en fonction de votre utilisation au quotidien.<\/span><\/div><\/div><div class=\"person-content fusion-clearfix\"><\/div><\/div><\/div><\/div><\/div><style type=\"text\/css\">.fusion-body .fusion-builder-column-4{width:33.333333333333% !important;margin-top : 15px;margin-bottom : 15px;}.fusion-builder-column-4 > .fusion-column-wrapper {padding-top : 0px !important;padding-right : 0px !important;margin-right : 5.76%;padding-bottom : 0px !important;padding-left : 0px !important;margin-left : 5.76%;}@media only screen and (max-width:1000px) {.fusion-body .fusion-builder-column-4{width:100% !important;}.fusion-builder-column-4 > .fusion-column-wrapper {margin-right : 1.92%;margin-left : 1.92%;}}@media only screen and (max-width:640px) {.fusion-body .fusion-builder-column-4{width:100% !important;}.fusion-builder-column-4 > .fusion-column-wrapper {margin-right : 1.92%;margin-left : 1.92%;}}<\/style><div class=\"fusion-layout-column fusion_builder_column fusion-builder-column-5 fusion_builder_column_1_3 1_3 fusion-flex-column fusion-animated\" data-animationType=\"slideInUp\" data-animationDuration=\"0.5\" data-animationOffset=\"100%\"><div class=\"fusion-column-wrapper fusion-flex-justify-content-flex-start fusion-content-layout-column\" style=\"background-position:left top;background-repeat:no-repeat;-webkit-background-size:cover;-moz-background-size:cover;-o-background-size:cover;background-size:cover;padding: 0px 0px 0px 0px;\"><div class=\"fusion-person person fusion-person-center fusion-person-4 fusion-person-icon-top\"><div class=\"person-shortcode-image-wrapper\"><div class=\"person-image-container hover-type-zoomin\" style=\"border:0px solid #252833;-webkit-border-radius:0px;-moz-border-radius:0px;border-radius:0px;\"><img class=\"person-img img-responsive wp-image-2050\" width=\"933\" height=\"700\" src=\"https:\/\/www.mvb-electricite.fr\/wp-content\/uploads\/2020\/11\/Multimedia-et-reseaux-de-communication.png\" alt=\"MULTIM\u00c9DIA ET R\u00c9SEAUX DE COMMUNICATION\" srcset=\"https:\/\/www.mvb-electricite.fr\/wp-content\/uploads\/2020\/11\/Multimedia-et-reseaux-de-communication-200x150.png 200w, https:\/\/www.mvb-electricite.fr\/wp-content\/uploads\/2020\/11\/Multimedia-et-reseaux-de-communication-400x300.png 400w, https:\/\/www.mvb-electricite.fr\/wp-content\/uploads\/2020\/11\/Multimedia-et-reseaux-de-communication-600x450.png 600w, https:\/\/www.mvb-electricite.fr\/wp-content\/uploads\/2020\/11\/Multimedia-et-reseaux-de-communication-800x600.png 800w, https:\/\/www.mvb-electricite.fr\/wp-content\/uploads\/2020\/11\/Multimedia-et-reseaux-de-communication.png 933w\" sizes=\"(max-width: 1000px) 100vw, (max-width: 640px) 100vw, 400px\" \/><\/div><\/div><div class=\"person-desc\" style=\"background-color:#2a2d3a;padding:40px;margin-top:0;\"><div class=\"person-author\"><div class=\"person-author-wrapper\"><span class=\"person-name\">MULTIM\u00c9DIA ET R\u00c9SEAUX DE COMMUNICATION<\/span><span class=\"person-title\"><br \/>\nVotre \u00e9lectricien proc\u00e8de \u00e0 l\u2019installation de vos baies de brassage et r\u00e9seaux de communication pour l\u2019habitat comme pour les locaux du tertiaire ERT et ERP.<\/span><\/div><\/div><div class=\"person-content fusion-clearfix\"><\/div><\/div><\/div><\/div><\/div><style type=\"text\/css\">.fusion-body .fusion-builder-column-5{width:33.333333333333% !important;margin-top : 15px;margin-bottom : 15px;}.fusion-builder-column-5 > .fusion-column-wrapper {padding-top : 0px !important;padding-right : 0px !important;margin-right : 8.64%;padding-bottom : 0px !important;padding-left : 0px !important;margin-left : 5.76%;}@media only screen and (max-width:1000px) {.fusion-body .fusion-builder-column-5{width:100% !important;}.fusion-builder-column-5 > .fusion-column-wrapper {margin-right : 1.92%;margin-left : 1.92%;}}@media only screen and (max-width:640px) {.fusion-body .fusion-builder-column-5{width:100% !important;}.fusion-builder-column-5 > .fusion-column-wrapper {margin-right : 1.92%;margin-left : 1.92%;}}<\/style><div class=\"fusion-layout-column fusion_builder_column fusion-builder-column-6 fusion_builder_column_1_3 1_3 fusion-flex-column\"><div class=\"fusion-column-wrapper fusion-flex-justify-content-flex-start fusion-content-layout-column\" style=\"background-position:left top;background-repeat:no-repeat;-webkit-background-size:cover;-moz-background-size:cover;-o-background-size:cover;background-size:cover;padding: 0px 0px 0px 0px;\"><div class=\"fusion-person person fusion-person-center fusion-person-5 fusion-person-icon-top\"><div class=\"person-shortcode-image-wrapper\"><div class=\"person-image-container hover-type-zoomin\" style=\"border:0px solid #252833;-webkit-border-radius:0px;-moz-border-radius:0px;border-radius:0px;\"><img class=\"person-img img-responsive wp-image-2128\" width=\"621\" height=\"465\" src=\"https:\/\/www.mvb-electricite.fr\/wp-content\/uploads\/2020\/11\/radiateur-electrique-inertie-seche.jpg\" alt=\"CHAUFFAGE \u00c9LECTRIQUE\" srcset=\"https:\/\/www.mvb-electricite.fr\/wp-content\/uploads\/2020\/11\/radiateur-electrique-inertie-seche-200x150.jpg 200w, https:\/\/www.mvb-electricite.fr\/wp-content\/uploads\/2020\/11\/radiateur-electrique-inertie-seche-400x300.jpg 400w, https:\/\/www.mvb-electricite.fr\/wp-content\/uploads\/2020\/11\/radiateur-electrique-inertie-seche-600x449.jpg 600w, https:\/\/www.mvb-electricite.fr\/wp-content\/uploads\/2020\/11\/radiateur-electrique-inertie-seche.jpg 621w\" sizes=\"(max-width: 1000px) 100vw, (max-width: 640px) 100vw, 400px\" \/><\/div><\/div><div class=\"person-desc\" style=\"background-color:#2a2d3a;padding:40px;margin-top:0;\"><div class=\"person-author\"><div class=\"person-author-wrapper\"><span class=\"person-name\">CHAUFFAGE \u00c9LECTRIQUE<\/span><span class=\"person-title\"><br \/>Nos \u00e9lectriciens installent vos syst\u00e8mes de chauffages \u00e9lectriques pour l\u2019habitat et pour les locaux professionnels du tertiaire ERT ou ERP. Gestion automatique du chauffage : en local avec gestion automatique par d\u00e9tecteur de pr\u00e9sence ou de fen\u00eatre ouverte, \u00e0 distance par contr\u00f4le via smartphone ou tablette.<br \/>Nous vous conseillons \u00e9galement quant au choix de votre radiateur \u00e9lectrique ou de votre s\u00e8che-serviettes de salle-de-bain, pour qu\u2019il soit efficace, \u00e9conome en \u00e9nergie et m\u00eame design pour coller au mieux avec votre d\u00e9coration d\u2019int\u00e9rieur.<\/span><\/div><\/div><div class=\"person-content fusion-clearfix\"><\/div><\/div><\/div><\/div><\/div><style type=\"text\/css\">.fusion-body .fusion-builder-column-6{width:33.333333333333% !important;margin-top : 15px;margin-bottom : 15px;}.fusion-builder-column-6 > .fusion-column-wrapper {padding-top : 0px !important;padding-right : 0px !important;margin-right : 5.76%;padding-bottom : 0px !important;padding-left : 0px !important;margin-left : 8.64%;}@media only screen and (max-width:1000px) {.fusion-body .fusion-builder-column-6{width:100% !important;}.fusion-builder-column-6 > .fusion-column-wrapper {margin-right : 1.92%;margin-left : 1.92%;}}@media only screen and (max-width:640px) {.fusion-body .fusion-builder-column-6{width:100% !important;}.fusion-builder-column-6 > .fusion-column-wrapper {margin-right : 1.92%;margin-left : 1.92%;}}<\/style><div class=\"fusion-layout-column fusion_builder_column fusion-builder-column-7 fusion_builder_column_1_3 1_3 fusion-flex-column fusion-animated\" data-animationType=\"slideInUp\" data-animationDuration=\"0.6\" data-animationOffset=\"100%\"><div class=\"fusion-column-wrapper fusion-flex-justify-content-flex-start fusion-content-layout-column\" style=\"background-position:left top;background-repeat:no-repeat;-webkit-background-size:cover;-moz-background-size:cover;-o-background-size:cover;background-size:cover;padding: 0px 0px 0px 0px;\"><div class=\"fusion-person person fusion-person-center fusion-person-6 fusion-person-icon-top\"><div class=\"person-shortcode-image-wrapper\"><div class=\"person-image-container hover-type-zoomin\" style=\"border:0px solid #252833;-webkit-border-radius:0px;-moz-border-radius:0px;border-radius:0px;\"><img class=\"person-img img-responsive wp-image-2047\" width=\"933\" height=\"700\" src=\"https:\/\/www.mvb-electricite.fr\/wp-content\/uploads\/2020\/11\/Domotique.png\" alt=\"DOMOTIQUE, AUTOMATISMES D\u2019OUVRANTS, ALARME ET VIDEOSURVEILLANCE\" srcset=\"https:\/\/www.mvb-electricite.fr\/wp-content\/uploads\/2020\/11\/Domotique-200x150.png 200w, https:\/\/www.mvb-electricite.fr\/wp-content\/uploads\/2020\/11\/Domotique-400x300.png 400w, https:\/\/www.mvb-electricite.fr\/wp-content\/uploads\/2020\/11\/Domotique-600x450.png 600w, https:\/\/www.mvb-electricite.fr\/wp-content\/uploads\/2020\/11\/Domotique-800x600.png 800w, https:\/\/www.mvb-electricite.fr\/wp-content\/uploads\/2020\/11\/Domotique.png 933w\" sizes=\"(max-width: 1000px) 100vw, (max-width: 640px) 100vw, 400px\" \/><\/div><\/div><div class=\"person-desc\" style=\"background-color:#2a2d3a;padding:40px;margin-top:0;\"><div class=\"person-author\"><div class=\"person-author-wrapper\"><span class=\"person-name\">DOMOTIQUE, AUTOMATISMES D\u2019OUVRANTS, ALARME ET VIDEOSURVEILLANCE<\/span><span class=\"person-title\"><br \/>\nNotre entreprise d\u2019\u00e9lectricit\u00e9 g\u00e9n\u00e9rale est \u00e9galement dot\u00e9e d\u2019une expertise en domotique. Ce qui nous permet de vous proposer des solutions domotique adapt\u00e9es \u00e0 vos besoins pour am\u00e9liorer votre confort, faire des \u00e9conomies d\u2019\u00e9nergie, et s\u00e9curiser votre habitat ou vos locaux professionnels. Pour tout projet, n\u2019h\u00e9sitez-pas \u00e0 nous contacter, votre \u00e9lectricien domoticien saura vous conseiller au mieux.<\/span><\/div><\/div><div class=\"person-content fusion-clearfix\"><\/div><\/div><\/div><\/div><\/div><style type=\"text\/css\">.fusion-body .fusion-builder-column-7{width:33.333333333333% !important;margin-top : 15px;margin-bottom : 15px;}.fusion-builder-column-7 > .fusion-column-wrapper {padding-top : 0px !important;padding-right : 0px !important;margin-right : 5.76%;padding-bottom : 0px !important;padding-left : 0px !important;margin-left : 5.76%;}@media only screen and (max-width:1000px) {.fusion-body .fusion-builder-column-7{width:100% !important;}.fusion-builder-column-7 > .fusion-column-wrapper {margin-right : 1.92%;margin-left : 1.92%;}}@media only screen and (max-width:640px) {.fusion-body .fusion-builder-column-7{width:100% !important;}.fusion-builder-column-7 > .fusion-column-wrapper {margin-right : 1.92%;margin-left : 1.92%;}}<\/style><\/div><style type=\"text\/css\">.fusion-body .fusion-flex-container.fusion-builder-row-2{ padding-top : 40px;margin-top : 0px;padding-right : 0px;padding-bottom : 70px;margin-bottom : 0px;padding-left : 0px;}<\/style><\/div><\/p>\n","protected":false},"excerpt":{"rendered":"","protected":false},"author":1,"featured_media":0,"parent":0,"menu_order":0,"comment_status":"closed","ping_status":"closed","template":"100-width.php","meta":[],"_links":{"self":[{"href":"https:\/\/www.mvb-electricite.fr\/index.php\/wp-json\/wp\/v2\/pages\/10"}],"collection":[{"href":"https:\/\/www.mvb-electricite.fr\/index.php\/wp-json\/wp\/v2\/pages"}],"about":[{"href":"https:\/\/www.mvb-electricite.fr\/index.php\/wp-json\/wp\/v2\/types\/page"}],"author":[{"embeddable":true,"href":"https:\/\/www.mvb-electricite.fr\/index.php\/wp-json\/wp\/v2\/users\/1"}],"replies":[{"embeddable":true,"href":"https:\/\/www.mvb-electricite.fr\/index.php\/wp-json\/wp\/v2\/comments?post=10"}],"version-history":[{"count":20,"href":"https:\/\/www.mvb-electricite.fr\/index.php\/wp-json\/wp\/v2\/pages\/10\/revisions"}],"predecessor-version":[{"id":2147,"href":"https:\/\/www.mvb-electricite.fr\/index.php\/wp-json\/wp\/v2\/pages\/10\/revisions\/2147"}],"wp:attachment":[{"href":"https:\/\/www.mvb-electricite.fr\/index.php\/wp-json\/wp\/v2\/media?parent=10"}],"curies":[{"name":"wp","href":"https:\/\/api.w.org\/{rel}","templated":true}]}}